{"id":18538,"date":"2021-05-11T15:22:34","date_gmt":"2021-05-11T13:22:34","guid":{"rendered":"https:\/\/www.neb-online.fr\/?page_id=18538"},"modified":"2021-05-11T15:23:36","modified_gmt":"2021-05-11T13:23:36","slug":"neb-news","status":"publish","type":"page","link":"https:\/\/www.neb-online.fr\/en\/neb-news\/","title":{"rendered":"NEB News"},"content":{"rendered":"\t\t<div data-elementor-type=\"wp-page\" data-elementor-id=\"18538\" class=\"elementor elementor-18538 elementor-18498\" data-elementor-post-type=\"page\">\n\t\t\t\t\t\t<section data-particle_enable=\"false\" data-particle-mobile-disabled=\"false\" class=\"elementor-section elementor-top-section elementor-element elementor-element-4e0491d elementor-section-full_width elementor-section-height-default elementor-section-height-default\" data-id=\"4e0491d\" data-element_type=\"section\" data-e-type=\"section\" data-settings=\"{&quot;background_background&quot;:&quot;classic&quot;}\">\n\t\t\t\t\t\t<div class=\"elementor-container elementor-column-gap-default\">\n\t\t\t\t\t<div class=\"elementor-column elementor-col-100 elementor-top-column elementor-element elementor-element-e40da7c\" data-id=\"e40da7c\" data-element_type=\"column\" data-e-type=\"column\">\n\t\t\t<div class=\"elementor-widget-wrap elementor-element-populated\">\n\t\t\t\t\t\t<div class=\"elementor-element elementor-element-e9fd208 elementor-widget elementor-widget-heading\" data-id=\"e9fd208\" data-element_type=\"widget\" data-e-type=\"widget\" data-widget_type=\"heading.default\">\n\t\t\t\t<div class=\"elementor-widget-container\">\n\t\t\t\t\t<h2 class=\"elementor-heading-title elementor-size-default\">NEB News<\/h2>\t\t\t\t<\/div>\n\t\t\t\t<\/div>\n\t\t\t\t\t<\/div>\n\t\t<\/div>\n\t\t\t\t\t<\/div>\n\t\t<\/section>\n\t\t\t\t<section data-particle_enable=\"false\" data-particle-mobile-disabled=\"false\" class=\"elementor-section elementor-top-section elementor-element elementor-element-763a7247 elementor-section-full_width elementor-section-height-default elementor-section-height-default\" data-id=\"763a7247\" data-element_type=\"section\" data-e-type=\"section\" data-settings=\"{&quot;background_background&quot;:&quot;classic&quot;}\">\n\t\t\t\t\t\t<div class=\"elementor-container elementor-column-gap-default\">\n\t\t\t\t\t<div class=\"elementor-column elementor-col-100 elementor-top-column elementor-element elementor-element-63c682f\" data-id=\"63c682f\" data-element_type=\"column\" data-e-type=\"column\">\n\t\t\t<div class=\"elementor-widget-wrap elementor-element-populated\">\n\t\t\t\t\t\t<div class=\"elementor-element elementor-element-146ab7af elementor-widget elementor-widget-eael-post-block\" data-id=\"146ab7af\" data-element_type=\"widget\" data-e-type=\"widget\" data-widget_type=\"eael-post-block.default\">\n\t\t\t\t<div class=\"elementor-widget-container\">\n\t\t\t\t\t<div id=\"eael-post-block-146ab7af\" class=\"eael-post-block post-block-style-default \">\n            <div class=\"eael-post-block-grid eael-post-appender eael-post-appender-146ab7af eael-post-tiled-preset-3 \"><article class=\"eael-post-block-item eael-post-block-column\">\n        <div class=\"eael-post-block-item-holder\">\n            <div class=\"eael-post-block-item-holder-inner\"><div class=\"eael-entry-media\">\n                        <div class=\"eael-entry-overlay fade-in\"><i class=\"fas fa-plus\" aria-hidden=\"true\"><\/i><a href=\"https:\/\/www.neb-online.fr\/en\/neb-expressions-neb-scientifique-magazine\/\"\n                        \n                        >\n                        <\/a>\n                        <\/div>\n                        <div class=\"eael-entry-thumbnail \">\n                            <img decoding=\"async\" src=\"https:\/\/www.neb-online.fr\/wp-content\/uploads\/Banner-NEB-Expressions2-1.png\" alt=\"\">\n                        <\/div>\n                    <\/div><div class=\"eael-entry-wrapper\"><header class=\"eael-entry-header\"><h3 class=\"eael-entry-title\">\n                                        <a class=\"eael-grid-post-link\" href=\"https:\/\/www.neb-online.fr\/en\/neb-expressions-neb-scientifique-magazine\/\" title=\"NEB Expressions &#8211; NEB scientifique magazine\">\n                                        NEB Expressions &#8211; NEB scientifique magazine\n                                        <\/a>\n\n                                    <\/h3><\/header><div class=\"eael-entry-content\"><div class=\"eael-grid-post-excerpt\"><p>Our scientific magazine presents new products and expert advice for the success of your projects.<\/p><\/div><\/div>\n                    <\/div><\/div>\n        <\/div>\n    <\/article><article class=\"eael-post-block-item eael-post-block-column\">\n        <div class=\"eael-post-block-item-holder\">\n            <div class=\"eael-post-block-item-holder-inner\"><div class=\"eael-entry-media\">\n                        <div class=\"eael-entry-overlay fade-in\"><i class=\"fas fa-plus\" aria-hidden=\"true\"><\/i><a href=\"https:\/\/www.neb-online.fr\/en\/our-new-webshop\/\"\n                        \n                        >\n                        <\/a>\n                        <\/div>\n                        <div class=\"eael-entry-thumbnail \">\n                            <img decoding=\"async\" src=\"https:\/\/www.neb-online.fr\/wp-content\/uploads\/web-banner-new-webshop-1200x300-FR.jpg\" alt=\"\">\n                        <\/div>\n                    <\/div><div class=\"eael-entry-wrapper\"><header class=\"eael-entry-header\"><h3 class=\"eael-entry-title\">\n                                        <a class=\"eael-grid-post-link\" href=\"https:\/\/www.neb-online.fr\/en\/our-new-webshop\/\" title=\"Our webshop has new features!\">\n                                        Our webshop has new features!\n                                        <\/a>\n\n                                    <\/h3><\/header><div class=\"eael-entry-content\"><div class=\"eael-grid-post-excerpt\"><p>Votre boutique en ligne \u00e9volue ! \u00c9ditez vous-m\u00eame vos devis avec vos tarifs pr\u00e9f\u00e9rentiels gr\u00e2ce \u00e0 la nouvelle version de notre boutique en ligne...<\/p><\/div><\/div>\n                    <\/div><\/div>\n        <\/div>\n    <\/article><article class=\"eael-post-block-item eael-post-block-column\">\n        <div class=\"eael-post-block-item-holder\">\n            <div class=\"eael-post-block-item-holder-inner\"><div class=\"eael-entry-media\">\n                        <div class=\"eael-entry-overlay fade-in\"><i class=\"fas fa-plus\" aria-hidden=\"true\"><\/i><a href=\"https:\/\/www.neb-online.fr\/en\/neb-is-certified-b-corp\/\"\n                        \n                        >\n                        <\/a>\n                        <\/div>\n                        <div class=\"eael-entry-thumbnail \">\n                            <img decoding=\"async\" src=\"https:\/\/www.neb-online.fr\/wp-content\/uploads\/cover_bcorp-accueil-1.jpg\" alt=\"\">\n                        <\/div>\n                    <\/div><div class=\"eael-entry-wrapper\"><header class=\"eael-entry-header\"><h3 class=\"eael-entry-title\">\n                                        <a class=\"eael-grid-post-link\" href=\"https:\/\/www.neb-online.fr\/en\/neb-is-certified-b-corp\/\" title=\"NEB is Certified B Corp\u2122!\">\n                                        NEB is Certified B Corp\u2122!\n                                        <\/a>\n\n                                    <\/h3><\/header><div class=\"eael-entry-content\"><div class=\"eael-grid-post-excerpt\"><p>Learn more about the ecological measures that have enabled NEB to be Certified B Corporation\u2122!<\/p><\/div><\/div>\n                    <\/div><\/div>\n        <\/div>\n    <\/article><article class=\"eael-post-block-item eael-post-block-column\">\n        <div class=\"eael-post-block-item-holder\">\n            <div class=\"eael-post-block-item-holder-inner\"><div class=\"eael-entry-media\">\n                        <div class=\"eael-entry-overlay fade-in\"><i class=\"fas fa-plus\" aria-hidden=\"true\"><\/i><a href=\"https:\/\/www.neb-online.fr\/en\/genome-editing-crispr-cas\/\"\n                        \n                        >\n                        <\/a>\n                        <\/div>\n                        <div class=\"eael-entry-thumbnail \">\n                            <img decoding=\"async\" src=\"https:\/\/www.neb-online.fr\/wp-content\/uploads\/2015\/04\/NEB_genomeediting_Header_x760px.jpg\" alt=\"Genome Editing Header\">\n                        <\/div>\n                    <\/div><div class=\"eael-entry-wrapper\"><header class=\"eael-entry-header\"><h3 class=\"eael-entry-title\">\n                                        <a class=\"eael-grid-post-link\" href=\"https:\/\/www.neb-online.fr\/en\/genome-editing-crispr-cas\/\" title=\"Genome Editing &#8211; CRISPR\/Cas9 \u2013 Now available with Nuclear Localization Signal\">\n                                        Genome Editing &#8211; CRISPR\/Cas9 \u2013 Now available with Nuclear Localization Signal\n                                        <\/a>\n\n                                    <\/h3><\/header><div class=\"eael-entry-content\"><div class=\"eael-grid-post-excerpt\"><p>Everything you need to know about Genome Editing - CRISPR \/ Cas at NEB!<\/p><\/div><\/div>\n                    <\/div><\/div>\n        <\/div>\n    <\/article><\/div>\n\t\t<\/div>\t\t\t\t<\/div>\n\t\t\t\t<\/div>\n\t\t\t\t\t<\/div>\n\t\t<\/div>\n\t\t\t\t\t<\/div>\n\t\t<\/section>\n\t\t\t\t<\/div>\n\t\t","protected":false},"excerpt":{"rendered":"<p>NEB News It&#8217;s our birthday! Participate to our games &#038; contests created for this special event and try to win one of the prizes! NEB is Certified B Corp\u2122! Learn more about the ecological measures that have enabled NEB to be Certified B Corporation\u2122! Visit our virtual booth! Welcome to our virtual booth, our sales&#8230;  <a class=\"excerpt-read-more\" href=\"https:\/\/www.neb-online.fr\/en\/genome-editing-crispr-cas\/\" title=\"Read Genome Editing &#8211; CRISPR\/Cas9 \u2013 Now available with Nuclear Localization Signal\">Read more &raquo;<\/a><\/p>\n","protected":false},"author":24,"featured_media":0,"parent":0,"menu_order":0,"comment_status":"closed","ping_status":"closed","template":"elementor_header_footer","meta":{"footnotes":""},"class_list":["post-18538","page","type-page","status-publish","hentry"],"yoast_head":"<!-- This site is optimized with the Yoast SEO plugin v27.0 - https:\/\/yoast.com\/product\/yoast-seo-wordpress\/ -->\n<title>NEB News - New England Biolabs France<\/title>\n<meta name=\"robots\" content=\"index, follow, max-snippet:-1, max-image-preview:large, max-video-preview:-1\" \/>\n<link rel=\"canonical\" href=\"https:\/\/www.neb-online.fr\/en\/neb-news\/\" \/>\n<meta property=\"og:locale\" content=\"en_US\" \/>\n<meta property=\"og:type\" content=\"article\" \/>\n<meta property=\"og:title\" content=\"NEB News - New England Biolabs France\" \/>\n<meta property=\"og:description\" content=\"NEB News It&#8217;s our birthday! Participate to our games &#038; contests created for this special event and try to win one of the prizes! NEB is Certified B Corp\u2122! Learn more about the ecological measures that have enabled NEB to be Certified B Corporation\u2122! Visit our virtual booth! Welcome to our virtual booth, our sales... Read more &raquo;\" \/>\n<meta property=\"og:url\" content=\"https:\/\/www.neb-online.fr\/en\/neb-news\/\" \/>\n<meta property=\"og:site_name\" content=\"New England Biolabs France\" \/>\n<meta property=\"article:modified_time\" content=\"2021-05-11T13:23:36+00:00\" \/>\n<meta property=\"og:image\" content=\"https:\/\/www.neb-online.fr\/wp-content\/uploads\/COVER10YEARS-1.jpg\" \/>\n<meta name=\"twitter:label1\" content=\"Est. reading time\" \/>\n\t<meta name=\"twitter:data1\" content=\"2 minutes\" \/>\n<script type=\"application\/ld+json\" class=\"yoast-schema-graph\">{\"@context\":\"https:\/\/schema.org\",\"@graph\":[{\"@type\":\"WebPage\",\"@id\":\"https:\/\/www.neb-online.fr\/en\/neb-news\/\",\"url\":\"https:\/\/www.neb-online.fr\/en\/neb-news\/\",\"name\":\"NEB News - New England Biolabs France\",\"isPartOf\":{\"@id\":\"https:\/\/www.neb-online.fr\/#website\"},\"primaryImageOfPage\":{\"@id\":\"https:\/\/www.neb-online.fr\/en\/neb-news\/#primaryimage\"},\"image\":{\"@id\":\"https:\/\/www.neb-online.fr\/en\/neb-news\/#primaryimage\"},\"thumbnailUrl\":\"https:\/\/www.neb-online.fr\/wp-content\/uploads\/COVER10YEARS-1.jpg\",\"datePublished\":\"2021-05-11T13:22:34+00:00\",\"dateModified\":\"2021-05-11T13:23:36+00:00\",\"inLanguage\":\"en-US\",\"potentialAction\":[{\"@type\":\"ReadAction\",\"target\":[\"https:\/\/www.neb-online.fr\/en\/neb-news\/\"]}]},{\"@type\":\"ImageObject\",\"inLanguage\":\"en-US\",\"@id\":\"https:\/\/www.neb-online.fr\/en\/neb-news\/#primaryimage\",\"url\":\"https:\/\/www.neb-online.fr\/wp-content\/uploads\/COVER10YEARS-1.jpg\",\"contentUrl\":\"https:\/\/www.neb-online.fr\/wp-content\/uploads\/COVER10YEARS-1.jpg\"},{\"@type\":\"WebSite\",\"@id\":\"https:\/\/www.neb-online.fr\/#website\",\"url\":\"https:\/\/www.neb-online.fr\/\",\"name\":\"New England Biolabs France\",\"description\":\"be INSPIRED, drive DISCOVERY, stay GENUINE\",\"potentialAction\":[{\"@type\":\"SearchAction\",\"target\":{\"@type\":\"EntryPoint\",\"urlTemplate\":\"https:\/\/www.neb-online.fr\/?s={search_term_string}\"},\"query-input\":{\"@type\":\"PropertyValueSpecification\",\"valueRequired\":true,\"valueName\":\"search_term_string\"}}],\"inLanguage\":\"en-US\"}]}<\/script>\n<!-- \/ Yoast SEO plugin. -->","yoast_head_json":{"title":"NEB News - New England Biolabs France","robots":{"index":"index","follow":"follow","max-snippet":"max-snippet:-1","max-image-preview":"max-image-preview:large","max-video-preview":"max-video-preview:-1"},"canonical":"https:\/\/www.neb-online.fr\/en\/neb-news\/","og_locale":"en_US","og_type":"article","og_title":"NEB News - New England Biolabs France","og_description":"NEB News It&#8217;s our birthday! Participate to our games &#038; contests created for this special event and try to win one of the prizes! NEB is Certified B Corp\u2122! Learn more about the ecological measures that have enabled NEB to be Certified B Corporation\u2122! Visit our virtual booth! Welcome to our virtual booth, our sales... Read more &raquo;","og_url":"https:\/\/www.neb-online.fr\/en\/neb-news\/","og_site_name":"New England Biolabs France","article_modified_time":"2021-05-11T13:23:36+00:00","og_image":[{"url":"https:\/\/www.neb-online.fr\/wp-content\/uploads\/COVER10YEARS-1.jpg","type":"","width":"","height":""}],"twitter_misc":{"Est. reading time":"2 minutes"},"schema":{"@context":"https:\/\/schema.org","@graph":[{"@type":"WebPage","@id":"https:\/\/www.neb-online.fr\/en\/neb-news\/","url":"https:\/\/www.neb-online.fr\/en\/neb-news\/","name":"NEB News - New England Biolabs France","isPartOf":{"@id":"https:\/\/www.neb-online.fr\/#website"},"primaryImageOfPage":{"@id":"https:\/\/www.neb-online.fr\/en\/neb-news\/#primaryimage"},"image":{"@id":"https:\/\/www.neb-online.fr\/en\/neb-news\/#primaryimage"},"thumbnailUrl":"https:\/\/www.neb-online.fr\/wp-content\/uploads\/COVER10YEARS-1.jpg","datePublished":"2021-05-11T13:22:34+00:00","dateModified":"2021-05-11T13:23:36+00:00","inLanguage":"en-US","potentialAction":[{"@type":"ReadAction","target":["https:\/\/www.neb-online.fr\/en\/neb-news\/"]}]},{"@type":"ImageObject","inLanguage":"en-US","@id":"https:\/\/www.neb-online.fr\/en\/neb-news\/#primaryimage","url":"https:\/\/www.neb-online.fr\/wp-content\/uploads\/COVER10YEARS-1.jpg","contentUrl":"https:\/\/www.neb-online.fr\/wp-content\/uploads\/COVER10YEARS-1.jpg"},{"@type":"WebSite","@id":"https:\/\/www.neb-online.fr\/#website","url":"https:\/\/www.neb-online.fr\/","name":"New England Biolabs France","description":"be INSPIRED, drive DISCOVERY, stay GENUINE","potentialAction":[{"@type":"SearchAction","target":{"@type":"EntryPoint","urlTemplate":"https:\/\/www.neb-online.fr\/?s={search_term_string}"},"query-input":{"@type":"PropertyValueSpecification","valueRequired":true,"valueName":"search_term_string"}}],"inLanguage":"en-US"}]}},"_links":{"self":[{"href":"https:\/\/www.neb-online.fr\/en\/wp-json\/wp\/v2\/pages\/18538","targetHints":{"allow":["GET"]}}],"collection":[{"href":"https:\/\/www.neb-online.fr\/en\/wp-json\/wp\/v2\/pages"}],"about":[{"href":"https:\/\/www.neb-online.fr\/en\/wp-json\/wp\/v2\/types\/page"}],"author":[{"embeddable":true,"href":"https:\/\/www.neb-online.fr\/en\/wp-json\/wp\/v2\/users\/24"}],"replies":[{"embeddable":true,"href":"https:\/\/www.neb-online.fr\/en\/wp-json\/wp\/v2\/comments?post=18538"}],"version-history":[{"count":4,"href":"https:\/\/www.neb-online.fr\/en\/wp-json\/wp\/v2\/pages\/18538\/revisions"}],"predecessor-version":[{"id":22844,"href":"https:\/\/www.neb-online.fr\/en\/wp-json\/wp\/v2\/pages\/18538\/revisions\/22844"}],"wp:attachment":[{"href":"https:\/\/www.neb-online.fr\/en\/wp-json\/wp\/v2\/media?parent=18538"}],"curies":[{"name":"wp","href":"https:\/\/api.w.org\/{rel}","templated":true}]}}